{"id":82,"date":"2025-03-28T15:00:17","date_gmt":"2025-03-28T15:00:17","guid":{"rendered":"https:\/\/dahabdahabiya.de\/?page_id=82"},"modified":"2025-04-24T15:11:19","modified_gmt":"2025-04-24T13:11:19","slug":"impressum","status":"publish","type":"page","link":"https:\/\/dahabdahabiya.de\/en\/impressum\/","title":{"rendered":"Impressum"},"content":{"rendered":"<div data-elementor-type=\"wp-page\" data-elementor-id=\"82\" class=\"elementor elementor-82\">\n\t\t\t\t<div class=\"elementor-element elementor-element-65a0298 e-flex e-con-boxed e-con e-parent\" data-id=\"65a0298\" data-element_type=\"container\" data-e-type=\"container\">\n\t\t\t\t\t<div class=\"e-con-inner\">\n\t\t\t\t<div class=\"elementor-element elementor-element-9926814 elementor-widget elementor-widget-heading\" data-id=\"9926814\" data-element_type=\"widget\" data-e-type=\"widget\" data-widget_type=\"heading.default\">\n\t\t\t\t<div class=\"elementor-widget-container\">\n\t\t\t\t\t<h2 class=\"elementor-heading-title elementor-size-default\">Impressum<\/h2>\t\t\t\t<\/div>\n\t\t\t\t<\/div>\n\t\t\t\t<div class=\"elementor-element elementor-element-e73e409 elementor-widget elementor-widget-text-editor\" data-id=\"e73e409\" data-element_type=\"widget\" data-e-type=\"widget\" data-widget_type=\"text-editor.default\">\n\t\t\t\t<div class=\"elementor-widget-container\">\n\t\t\t\t\t\t\t\t\t<p style=\"margin-bottom: 16px; color: #1a1a1a; font-family: 'Source Sans Pro', sans-serif; font-size: 16px; font-style: normal; font-weight: 400;\"><strong>Dahab Dahabiya ist ein Partner von dahabtours GmbH.<\/strong><\/p><p style=\"margin-bottom: 16px; color: #1a1a1a; font-family: 'Source Sans Pro', sans-serif; font-size: 16px; font-style: normal; font-weight: 400;\">Gutenberg Str. 69<br \/>50823 K\u00f6ln Germany<\/p><p style=\"margin-bottom: 16px; color: #1a1a1a; font-family: 'Source Sans Pro', sans-serif; font-size: 16px; font-style: normal; font-weight: 400;\">Telefon: +49 (0) 221 914 07937<br \/>Telefax: +49 (0) 221 914 07938<\/p><p style=\"margin-bottom: 16px; color: #1a1a1a; font-family: 'Source Sans Pro', sans-serif; font-size: 16px; font-style: normal; font-weight: 400;\">E-Mail: info@dahabtours.de<br \/>Internet: www.dahabtours.de<\/p><p style=\"margin-bottom: 16px; color: #1a1a1a; font-family: 'Source Sans Pro', sans-serif; font-size: 16px; font-style: normal; font-weight: 400;\">Gesch\u00e4ftsf\u00fchrer: Wagih Hussein<br \/>Registergericht: Amtsgericht K\u00f6ln<br \/>Handelsregister: HRB 88479<br \/>Steuer-Nr: 217 \/ 5721 \/ 1134<br \/>USt.-IdNr.: DE-308 32 9011<\/p><p style=\"margin-bottom: 16px; color: #1a1a1a; font-family: 'Source Sans Pro', sans-serif; font-size: 16px; font-style: normal; font-weight: 400;\"><strong>Redaktion und Texte<\/strong><br \/>Anna Richmann, Sandra Klein und Martina Hussein<\/p><p style=\"margin-bottom: 16px; color: #1a1a1a; font-family: 'Source Sans Pro', sans-serif; font-size: 16px; font-style: normal; font-weight: 400;\"><strong>Konzeption und Realisierung<\/strong><br \/>Wagih Hussein und Max Tobias Weber<\/p><p style=\"margin-bottom: 16px; color: #1a1a1a; font-family: 'Source Sans Pro', sans-serif; font-size: 16px; font-style: normal; font-weight: 400;\"><strong>Layout<\/strong><br \/>Arne Schog (<a style=\"color: #1a1a1a; cursor: pointer;\" href=\"https:\/\/www.arneschog.de\/\">https:\/\/www.arneschog.de\/<\/a>)<\/p><p style=\"margin-bottom: 16px; color: #1a1a1a; font-family: 'Source Sans Pro', sans-serif; font-size: 16px; font-style: normal; font-weight: 400;\"><strong>Programmierung<\/strong><br \/>Max Tobias Weber und Abdelrahman Shaaban<\/p><h2 style=\"font-family: 'Source Sans Pro', sans-serif; line-height: 1.1; color: #1a1a1a; margin-bottom: 32px; font-size: 32px; font-style: normal;\">Rechtliche Hinweise<\/h2><p style=\"margin-bottom: 16px; color: #1a1a1a; font-family: 'Source Sans Pro', sans-serif; font-size: 16px; font-style: normal; font-weight: 400;\"><strong>Inhalte<\/strong><\/p><p style=\"margin-bottom: 16px; color: #1a1a1a; font-family: 'Source Sans Pro', sans-serif; font-size: 16px; font-style: normal; font-weight: 400;\">Der Inhalt dieser Seiten wurde sorgf\u00e4ltig bearbeitet und \u00fcberpr\u00fcft. dahabtours \u00fcbernimmt jedoch keine Gew\u00e4hr f\u00fcr die Aktualit\u00e4t, Richtigkeit, Vollst\u00e4ndigkeit oder Qualit\u00e4t der bereitgestellten Informationen.<\/p><p style=\"margin-bottom: 16px; color: #1a1a1a; font-family: 'Source Sans Pro', sans-serif; font-size: 16px; font-style: normal; font-weight: 400;\">Haftungsanspr\u00fcche gegen dahabtours, die sich auf Sch\u00e4den materieller oder ideeller Art beziehen, welche durch die Nutzung oder Nichtnutzung der dargebotenen Informationen oder durch fehlerhafte und unvollst\u00e4ndige Informationen verursacht wurden, sind grunds\u00e4tzlich ausgeschlossen, sofern seitens dahabtours kein nachweislich vors\u00e4tzliches oder grob fahrl\u00e4ssiges Verschulden vorliegt.<\/p><p style=\"margin-bottom: 16px; color: #1a1a1a; font-family: 'Source Sans Pro', sans-serif; font-size: 16px; font-style: normal; font-weight: 400;\">dahabtours beh\u00e4lt sich ausdr\u00fccklich das Recht vor, Teile der Seite oder das gesamte Angebot ohne vorherige Ank\u00fcndigung zu ver\u00e4ndern, zu erg\u00e4nzen, zu l\u00f6schen oder die Ver\u00f6ffentlichung einzustellen.<\/p><p style=\"margin-bottom: 16px; color: #1a1a1a; font-family: 'Source Sans Pro', sans-serif; font-size: 16px; font-style: normal; font-weight: 400;\"><strong>Copyright<\/strong><\/p><p style=\"margin-bottom: 16px; color: #1a1a1a; font-family: 'Source Sans Pro', sans-serif; font-size: 16px; font-style: normal; font-weight: 400;\">\u00a9 Copyright by dahabtours GmbH. Alle Rechte vorbehalten. Alle Angaben ohne Gew\u00e4hr.<\/p><p style=\"margin-bottom: 16px; color: #1a1a1a; font-family: 'Source Sans Pro', sans-serif; font-size: 16px; font-style: normal; font-weight: 400;\">Der Inhalt dieser Website ist urheberrechtlich gesch\u00fctzt. Zur Wahrung des Urheberrechts ist die Verwendung, Ver\u00e4nderung und Vervielf\u00e4ltigung von Inhalten (Texte, Bilder etc.) unserer Webseiten nicht ohne Genehmigung gestattet. Es ist insbesondere verboten, \u00c4nderungen an den Inhalten vorzunehmen sowie Inhalte von dieser Seite herunterzuladen, um den Inhalt zu kopieren, zu reproduzieren oder um die Inhalte dieser Website auf irgend einer anderen Website zu verwenden. Vorgenanntes gilt auch f\u00fcr die auszugsweise Verwendung von Inhalten.<\/p><p style=\"margin-bottom: 16px; color: #1a1a1a; font-family: 'Source Sans Pro', sans-serif; font-size: 16px; font-style: normal; font-weight: 400;\"><strong>Verweise und Links<\/strong><\/p><p style=\"margin-bottom: 16px; color: #1a1a1a; font-family: 'Source Sans Pro', sans-serif; font-size: 16px; font-style: normal; font-weight: 400;\">Bei direkten oder indirekten Verweisen auf fremde Internetseiten (&#8222;Links&#8220;), die au\u00dferhalb des Verantwortungsbereiches von dahabttours liegen, w\u00fcrde eine Haftungsverpflichtung ausschlie\u00dflich in dem Fall in Kraft treten, in dem der Autor von den Inhalten Kenntnis hat und es ihm technisch m\u00f6glich und zumutbar w\u00e4re, die Nutzung im Falle rechtswidriger Inhalte zu verhindern. dahabtours erkl\u00e4rt hiermit ausdr\u00fccklich, dass zum Zeitpunkt der Linksetzung die verlinkten Seiten keine illegalen Inhalte enthalten haben. dahabtours hat keinerlei Einfluss auf die aktuelle und zuk\u00fcnftige Gestaltung der verlinkten Seiten und distanziert sich daher hiermit ausdr\u00fccklich von allen inhaltlichen \u00c4nderungen, die nach der Linkssetzung auf den verlinkten Seiten vorgenommen werden. Dies gilt auch f\u00fcr Fremdeintr\u00e4ge in von dahabtours eingerichteten G\u00e4steb\u00fcchern, Diskussionsforen und Mailinglisten. F\u00fcr illegale, fehlerhafte oder unvollst\u00e4ndige Inhalte und insbesondere f\u00fcr Sch\u00e4den, die aus der Nutzung oder Nichtnutzung solcherart dargebotener Informationen entstehen, haftet allein der Anbieter der Seite, auf welche verwiesen wurde, nicht derjenige, der \u00fcber Links auf die jeweilige Ver\u00f6ffentlichung lediglich verweist.<\/p><p style=\"margin-bottom: 16px; color: #1a1a1a; font-family: 'Source Sans Pro', sans-serif; font-size: 16px; font-style: normal; font-weight: 400;\"><strong>Rechtswirksamkeit<\/strong><\/p><p style=\"margin-bottom: 16px; color: #1a1a1a; font-family: 'Source Sans Pro', sans-serif; font-size: 16px; font-style: normal; font-weight: 400;\">Dieser Haftungsausschluss ist als Teil des Internetangebotes zu betrachten, von dem aus auf diese Seite verwiesen wurde. Sofern Teile oder einzelne Formulierungen dieses Textes der geltenden Rechtslage nicht, nicht mehr oder nicht vollst\u00e4ndig entsprechen sollten, bleiben die \u00fcbrigen Teile des Dokumentes in ihrem Inhalt und ihrer G\u00fcltigkeit hiervon unber\u00fchrt.<\/p><p style=\"margin-bottom: 16px; color: #1a1a1a; font-family: 'Source Sans Pro', sans-serif; font-size: 16px; font-style: normal; font-weight: 400;\"><strong>Rechtsstreitigkeiten &#8211; Hinweis zu Abmahnungen!<\/strong><\/p><p style=\"margin-bottom: 16px; color: #1a1a1a; font-family: 'Source Sans Pro', sans-serif; font-size: 16px; font-style: normal; font-weight: 400;\">Im Falle von wettbewerbsrechtlichen oder \u00e4hnlichen Problemen sowie Domainstreitigkeiten bitten wir Sie, uns zur Vermeidung unn\u00f6tiger Rechtsstreite und Rechtskosten bereits im Vorfeld zu kontaktieren. Die Kostennote einer anwaltlichen Abmahnung ohne vorhergehende Kontaktaufnahme mit uns wird im Sinne der Schadenminderungspflicht als unbegr\u00fcndet zur\u00fcckgewiesen.<\/p><div>\u00a0<\/div>\t\t\t\t\t\t\t\t<\/div>\n\t\t\t\t<\/div>\n\t\t\t\t\t<\/div>\n\t\t\t\t<\/div>\n\t\t\t\t<\/div>","protected":false},"excerpt":{"rendered":"<p>Impressum Dahab Dahabiya ist ein Partner von dahabtours GmbH. Gutenberg Str. 6950823 K\u00f6ln Germany Telefon: +49 (0) 221 914 07937Telefax: [&hellip;]<\/p>\n","protected":false},"author":1,"featured_media":0,"parent":0,"menu_order":0,"comment_status":"closed","ping_status":"closed","template":"","meta":{"site-sidebar-layout":"no-sidebar","site-content-layout":"","ast-site-content-layout":"full-width-container","site-content-style":"default","site-sidebar-style":"default","ast-global-header-display":"","ast-banner-title-visibility":"","ast-main-header-display":"","ast-hfb-above-header-display":"","ast-hfb-below-header-display":"","ast-hfb-mobile-header-display":"","site-post-title":"disabled","ast-breadcrumbs-content":"","ast-featured-img":"disabled","footer-sml-layout":"","ast-disable-related-posts":"","theme-transparent-header-meta":"","adv-header-id-meta":"","stick-header-meta":"","header-above-stick-meta":"","header-main-stick-meta":"","header-below-stick-meta":"","astra-migrate-meta-layouts":"default","ast-page-background-enabled":"default","ast-page-background-meta":{"desktop":{"background-color":"var(--ast-global-color-5)","background-image":"","background-repeat":"repeat","background-position":"center center","background-size":"auto","background-attachment":"scroll","background-type":"","background-media":"","overlay-type":"","overlay-color":"","overlay-opacity":"","overlay-gradient":""},"tablet":{"background-color":"","background-image":"","background-repeat":"repeat","background-position":"center center","background-size":"auto","background-attachment":"scroll","background-type":"","background-media":"","overlay-type":"","overlay-color":"","overlay-opacity":"","overlay-gradient":""},"mobile":{"background-color":"","background-image":"","background-repeat":"repeat","background-position":"center center","background-size":"auto","background-attachment":"scroll","background-type":"","background-media":"","overlay-type":"","overlay-color":"","overlay-opacity":"","overlay-gradient":""}},"ast-content-background-meta":{"desktop":{"background-color":"var(--ast-global-color-4)","background-image":"","background-repeat":"repeat","background-position":"center center","background-size":"auto","background-attachment":"scroll","background-type":"","background-media":"","overlay-type":"","overlay-color":"","overlay-opacity":"","overlay-gradient":""},"tablet":{"background-color":"var(--ast-global-color-4)","background-image":"","background-repeat":"repeat","background-position":"center center","background-size":"auto","background-attachment":"scroll","background-type":"","background-media":"","overlay-type":"","overlay-color":"","overlay-opacity":"","overlay-gradient":""},"mobile":{"background-color":"var(--ast-global-color-4)","background-image":"","background-repeat":"repeat","background-position":"center center","background-size":"auto","background-attachment":"scroll","background-type":"","background-media":"","overlay-type":"","overlay-color":"","overlay-opacity":"","overlay-gradient":""}},"footnotes":""},"class_list":["post-82","page","type-page","status-publish","hentry"],"_links":{"self":[{"href":"https:\/\/dahabdahabiya.de\/en\/wp-json\/wp\/v2\/pages\/82","targetHints":{"allow":["GET"]}}],"collection":[{"href":"https:\/\/dahabdahabiya.de\/en\/wp-json\/wp\/v2\/pages"}],"about":[{"href":"https:\/\/dahabdahabiya.de\/en\/wp-json\/wp\/v2\/types\/page"}],"author":[{"embeddable":true,"href":"https:\/\/dahabdahabiya.de\/en\/wp-json\/wp\/v2\/users\/1"}],"replies":[{"embeddable":true,"href":"https:\/\/dahabdahabiya.de\/en\/wp-json\/wp\/v2\/comments?post=82"}],"version-history":[{"count":22,"href":"https:\/\/dahabdahabiya.de\/en\/wp-json\/wp\/v2\/pages\/82\/revisions"}],"predecessor-version":[{"id":851,"href":"https:\/\/dahabdahabiya.de\/en\/wp-json\/wp\/v2\/pages\/82\/revisions\/851"}],"wp:attachment":[{"href":"https:\/\/dahabdahabiya.de\/en\/wp-json\/wp\/v2\/media?parent=82"}],"curies":[{"name":"wp","href":"https:\/\/api.w.org\/{rel}","templated":true}]}}